{"id":44864,"date":"2026-03-06T13:15:47","date_gmt":"2026-03-06T13:15:47","guid":{"rendered":"https:\/\/martinclinic.ro\/?page_id=44864"},"modified":"2026-03-06T13:19:30","modified_gmt":"2026-03-06T13:19:30","slug":"blog","status":"publish","type":"page","link":"https:\/\/martinclinic.ro\/en\/blog\/","title":{"rendered":"Blog"},"content":{"rendered":"<div class=\"row row-small mc-page-hero\"  id=\"row-1873730634\">\n\n\t<div id=\"col-1779630907\" class=\"col large-12\"  >\n\t\t\t\t<div class=\"col-inner text-center\"  >\n\t\t\t\n\t\t\t\n\t<div id=\"gap-99785648\" class=\"gap-element clearfix\" style=\"display:block; height:auto;\">\n\t\t\n<style>\n#gap-99785648 {\n  padding-top: 50px;\n}\n<\/style>\n\t<\/div>\n\t\n\n<p class=\"mc-eyebrow\">Martin Clinic<\/p>\n<h1 class=\"mc-page-hero__title\">Blog<\/h1>\n<nav class=\"mc-breadcrumb\" aria-label=\"breadcrumb\"><a href=\"\/en\/\">Home<\/a><span class=\"mc-breadcrumb__sep\">\u2014<\/span><span>Blog<\/span><\/nav>\n\n\t<div id=\"gap-1904043750\" class=\"gap-element clearfix\" style=\"display:block; height:auto;\">\n\t\t\n<style>\n#gap-1904043750 {\n  padding-top: 50px;\n}\n<\/style>\n\t<\/div>\n\t\n\t\t<\/div>\n\t\t\t\t\t<\/div>\n\n\t\n\n<style>\n#row-1873730634 > .col > .col-inner {\n  padding: 0;\n}\n<\/style>\n<\/div>\n<div class=\"row row-small mc-blog-page\"  id=\"row-989330125\">\n\n\t<div id=\"col-1162496446\" class=\"col large-12\"  >\n\t\t\t\t<div class=\"col-inner\"  >\n\t\t\t\n\t\t\t\n\t\t<div id=\"ux-relay-2982961564\" class=\"ux-relay ux-relay--prev-next\" data-flatsome-relay=\"{&quot;postType&quot;:&quot;post&quot;,&quot;tag&quot;:&quot;blog_posts&quot;,&quot;atts&quot;:{&quot;style&quot;:&quot;normal&quot;,&quot;type&quot;:&quot;row&quot;,&quot;columns&quot;:&quot;3&quot;,&quot;columns__sm&quot;:&quot;1&quot;,&quot;columns__md&quot;:&quot;2&quot;,&quot;relay&quot;:&quot;prev-next&quot;,&quot;posts&quot;:&quot;9&quot;,&quot;title_size&quot;:&quot;larger&quot;,&quot;badge_style&quot;:&quot;square&quot;,&quot;excerpt&quot;:&quot;false&quot;,&quot;comments&quot;:&quot;false&quot;,&quot;image_height&quot;:&quot;75%&quot;,&quot;image_size&quot;:&quot;original&quot;,&quot;image_hover&quot;:&quot;zoom&quot;},&quot;currentPage&quot;:&quot;1&quot;,&quot;totalPages&quot;:3,&quot;totalPosts&quot;:19,&quot;postCount&quot;:9}\">\n\t\t\n  \n    <div class=\"row large-columns-3 medium-columns-2 small-columns-1\" >\n  <div class=\"col post-item\" >\n\t\t\t<div class=\"col-inner\">\n\t\t\t\t<div class=\"box box-normal box-text-bottom box-blog-post has-hover\">\n            \t\t\t\t\t<div class=\"box-image\" >\n  \t\t\t\t\t\t<div class=\"image-zoom image-cover\" style=\"padding-top:75%;\">\n\t\t\t\t\t\t\t<a href=\"https:\/\/martinclinic.ro\/en\/ce-se-pune-pe-rana-sa-se-vindece-mai-repede\/\" class=\"plain\" aria-label=\"What to put on the wound to make it heal faster\">\n\t\t\t\t\t\t\t\t<img loading=\"lazy\" decoding=\"async\" width=\"1500\" height=\"1014\" src=\"https:\/\/martinclinic.ro\/wp-content\/uploads\/2024\/10\/ce-se-pune-pe-rana.jpg\" class=\"attachment-original size-original wp-post-image\" alt=\"PRO-SIL Stick for scar treatment - wound\" srcset=\"https:\/\/martinclinic.ro\/wp-content\/uploads\/2024\/10\/ce-se-pune-pe-rana.jpg 1500w, https:\/\/martinclinic.ro\/wp-content\/uploads\/2024\/10\/ce-se-pune-pe-rana-300x203.jpg 300w, https:\/\/martinclinic.ro\/wp-content\/uploads\/2024\/10\/ce-se-pune-pe-rana-1024x692.jpg 1024w, https:\/\/martinclinic.ro\/wp-content\/uploads\/2024\/10\/ce-se-pune-pe-rana-768x519.jpg 768w, https:\/\/martinclinic.ro\/wp-content\/uploads\/2024\/10\/ce-se-pune-pe-rana-600x406.jpg 600w\" sizes=\"auto, (max-width: 1500px) 100vw, 1500px\" \/>\t\t\t\t\t\t\t<\/a>\n  \t\t\t\t\t\t\t  \t\t\t\t\t\t\t  \t\t\t\t\t\t<\/div>\n  \t\t\t\t\t\t  \t\t\t\t\t<\/div>\n          \t\t\t\t\t<div class=\"box-text text-center\" >\n\t\t\t\t\t<div class=\"box-text-inner blog-post-inner\">\n\n\t\t\t\t\t\n\t\t\t\t\t\t\t\t\t\t<h5 class=\"post-title is-larger\">\n\t\t\t\t\t\t<a href=\"https:\/\/martinclinic.ro\/en\/ce-se-pune-pe-rana-sa-se-vindece-mai-repede\/\" class=\"plain\">What to put on the wound to make it heal faster<\/a>\n\t\t\t\t\t<\/h5>\n\t\t\t\t\t\t\t\t\t\t<div class=\"is-divider\"><\/div>\n\t\t\t\t\t                    \n\t\t\t\t\t\n\t\t\t\t\t\n\t\t\t\t\t<\/div>\n\t\t\t\t\t<\/div>\n\t\t\t\t\t\t\t\t\t\t\t\t\t\t\t\t<div class=\"badge absolute top post-date badge-square\">\n\t\t\t\t\t\t\t<div class=\"badge-inner\">\n\t\t\t\t\t\t\t\t<span class=\"post-date-day\">25<\/span><br>\n\t\t\t\t\t\t\t\t<span class=\"post-date-month is-xsmall\">Mar<\/span>\n\t\t\t\t\t\t\t<\/div>\n\t\t\t\t\t\t<\/div>\n\t\t\t\t\t\t\t\t\t<\/div>\n\t\t\t<\/div>\n\t\t<\/div><div class=\"col post-item\" >\n\t\t\t<div class=\"col-inner\">\n\t\t\t\t<div class=\"box box-normal box-text-bottom box-blog-post has-hover\">\n            \t\t\t\t\t<div class=\"box-image\" >\n  \t\t\t\t\t\t<div class=\"image-zoom image-cover\" style=\"padding-top:75%;\">\n\t\t\t\t\t\t\t<a href=\"https:\/\/martinclinic.ro\/en\/tratamentele-cosmetice-trucul-la-care-apelam-mai-des-dupa-40-de-ani\/\" class=\"plain\" aria-label=\"Cosmetic treatments, the trick we turn to more often after 40\">\n\t\t\t\t\t\t\t\t<img loading=\"lazy\" decoding=\"async\" width=\"1500\" height=\"1000\" src=\"https:\/\/martinclinic.ro\/wp-content\/uploads\/2024\/10\/Tratamente-cosmetice.jpg\" class=\"attachment-original size-original wp-post-image\" alt=\"cosmetic treatments\" srcset=\"https:\/\/martinclinic.ro\/wp-content\/uploads\/2024\/10\/Tratamente-cosmetice.jpg 1500w, https:\/\/martinclinic.ro\/wp-content\/uploads\/2024\/10\/Tratamente-cosmetice-300x200.jpg 300w, https:\/\/martinclinic.ro\/wp-content\/uploads\/2024\/10\/Tratamente-cosmetice-1024x683.jpg 1024w, https:\/\/martinclinic.ro\/wp-content\/uploads\/2024\/10\/Tratamente-cosmetice-768x512.jpg 768w, https:\/\/martinclinic.ro\/wp-content\/uploads\/2024\/10\/Tratamente-cosmetice-600x400.jpg 600w\" sizes=\"auto, (max-width: 1500px) 100vw, 1500px\" \/>\t\t\t\t\t\t\t<\/a>\n  \t\t\t\t\t\t\t  \t\t\t\t\t\t\t  \t\t\t\t\t\t<\/div>\n  \t\t\t\t\t\t  \t\t\t\t\t<\/div>\n          \t\t\t\t\t<div class=\"box-text text-center\" >\n\t\t\t\t\t<div class=\"box-text-inner blog-post-inner\">\n\n\t\t\t\t\t\n\t\t\t\t\t\t\t\t\t\t<h5 class=\"post-title is-larger\">\n\t\t\t\t\t\t<a href=\"https:\/\/martinclinic.ro\/en\/tratamentele-cosmetice-trucul-la-care-apelam-mai-des-dupa-40-de-ani\/\" class=\"plain\">Cosmetic treatments, the trick we turn to more often after 40<\/a>\n\t\t\t\t\t<\/h5>\n\t\t\t\t\t\t\t\t\t\t<div class=\"is-divider\"><\/div>\n\t\t\t\t\t                    \n\t\t\t\t\t\n\t\t\t\t\t\n\t\t\t\t\t<\/div>\n\t\t\t\t\t<\/div>\n\t\t\t\t\t\t\t\t\t\t\t\t\t\t\t\t<div class=\"badge absolute top post-date badge-square\">\n\t\t\t\t\t\t\t<div class=\"badge-inner\">\n\t\t\t\t\t\t\t\t<span class=\"post-date-day\">25<\/span><br>\n\t\t\t\t\t\t\t\t<span class=\"post-date-month is-xsmall\">Mar<\/span>\n\t\t\t\t\t\t\t<\/div>\n\t\t\t\t\t\t<\/div>\n\t\t\t\t\t\t\t\t\t<\/div>\n\t\t\t<\/div>\n\t\t<\/div><div class=\"col post-item\" >\n\t\t\t<div class=\"col-inner\">\n\t\t\t\t<div class=\"box box-normal box-text-bottom box-blog-post has-hover\">\n            \t\t\t\t\t<div class=\"box-image\" >\n  \t\t\t\t\t\t<div class=\"image-zoom image-cover\" style=\"padding-top:75%;\">\n\t\t\t\t\t\t\t<a href=\"https:\/\/martinclinic.ro\/en\/cele-mai-bune-creme-de-fata\/\" class=\"plain\" aria-label=\"The best face creams\">\n\t\t\t\t\t\t\t\t<img loading=\"lazy\" decoding=\"async\" width=\"1500\" height=\"1000\" src=\"https:\/\/martinclinic.ro\/wp-content\/uploads\/2024\/10\/Cele-mai-bune-creme-de-fata.jpg\" class=\"attachment-original size-original wp-post-image\" alt=\"The best face creams EM Skincare\" srcset=\"https:\/\/martinclinic.ro\/wp-content\/uploads\/2024\/10\/Cele-mai-bune-creme-de-fata.jpg 1500w, https:\/\/martinclinic.ro\/wp-content\/uploads\/2024\/10\/Cele-mai-bune-creme-de-fata-300x200.jpg 300w, https:\/\/martinclinic.ro\/wp-content\/uploads\/2024\/10\/Cele-mai-bune-creme-de-fata-1024x683.jpg 1024w, https:\/\/martinclinic.ro\/wp-content\/uploads\/2024\/10\/Cele-mai-bune-creme-de-fata-768x512.jpg 768w, https:\/\/martinclinic.ro\/wp-content\/uploads\/2024\/10\/Cele-mai-bune-creme-de-fata-600x400.jpg 600w\" sizes=\"auto, (max-width: 1500px) 100vw, 1500px\" \/>\t\t\t\t\t\t\t<\/a>\n  \t\t\t\t\t\t\t  \t\t\t\t\t\t\t  \t\t\t\t\t\t<\/div>\n  \t\t\t\t\t\t  \t\t\t\t\t<\/div>\n          \t\t\t\t\t<div class=\"box-text text-center\" >\n\t\t\t\t\t<div class=\"box-text-inner blog-post-inner\">\n\n\t\t\t\t\t\n\t\t\t\t\t\t\t\t\t\t<h5 class=\"post-title is-larger\">\n\t\t\t\t\t\t<a href=\"https:\/\/martinclinic.ro\/en\/cele-mai-bune-creme-de-fata\/\" class=\"plain\">The best face creams<\/a>\n\t\t\t\t\t<\/h5>\n\t\t\t\t\t\t\t\t\t\t<div class=\"is-divider\"><\/div>\n\t\t\t\t\t                    \n\t\t\t\t\t\n\t\t\t\t\t\n\t\t\t\t\t<\/div>\n\t\t\t\t\t<\/div>\n\t\t\t\t\t\t\t\t\t\t\t\t\t\t\t\t<div class=\"badge absolute top post-date badge-square\">\n\t\t\t\t\t\t\t<div class=\"badge-inner\">\n\t\t\t\t\t\t\t\t<span class=\"post-date-day\">25<\/span><br>\n\t\t\t\t\t\t\t\t<span class=\"post-date-month is-xsmall\">Mar<\/span>\n\t\t\t\t\t\t\t<\/div>\n\t\t\t\t\t\t<\/div>\n\t\t\t\t\t\t\t\t\t<\/div>\n\t\t\t<\/div>\n\t\t<\/div><div class=\"col post-item\" >\n\t\t\t<div class=\"col-inner\">\n\t\t\t\t<div class=\"box box-normal box-text-bottom box-blog-post has-hover\">\n            \t\t\t\t\t<div class=\"box-image\" >\n  \t\t\t\t\t\t<div class=\"image-zoom image-cover\" style=\"padding-top:75%;\">\n\t\t\t\t\t\t\t<a href=\"https:\/\/martinclinic.ro\/en\/niacinamida-ce-este-si-care-sunt-beneficiile-asupra-tenului\/\" class=\"plain\" aria-label=\"Niacinamida: Ce este \u0219i care sunt beneficiile asupra tenului?\">\n\t\t\t\t\t\t\t\t<img loading=\"lazy\" decoding=\"async\" width=\"1500\" height=\"1000\" src=\"https:\/\/martinclinic.ro\/wp-content\/uploads\/2024\/10\/Niacinamida.jpg\" class=\"attachment-original size-original wp-post-image\" alt=\"Niacinamida: Ce este \u0219i care sunt beneficiile asupra tenului?\" srcset=\"https:\/\/martinclinic.ro\/wp-content\/uploads\/2024\/10\/Niacinamida.jpg 1500w, https:\/\/martinclinic.ro\/wp-content\/uploads\/2024\/10\/Niacinamida-300x200.jpg 300w, https:\/\/martinclinic.ro\/wp-content\/uploads\/2024\/10\/Niacinamida-1024x683.jpg 1024w, https:\/\/martinclinic.ro\/wp-content\/uploads\/2024\/10\/Niacinamida-768x512.jpg 768w, https:\/\/martinclinic.ro\/wp-content\/uploads\/2024\/10\/Niacinamida-600x400.jpg 600w\" sizes=\"auto, (max-width: 1500px) 100vw, 1500px\" \/>\t\t\t\t\t\t\t<\/a>\n  \t\t\t\t\t\t\t  \t\t\t\t\t\t\t  \t\t\t\t\t\t<\/div>\n  \t\t\t\t\t\t  \t\t\t\t\t<\/div>\n          \t\t\t\t\t<div class=\"box-text text-center\" >\n\t\t\t\t\t<div class=\"box-text-inner blog-post-inner\">\n\n\t\t\t\t\t\n\t\t\t\t\t\t\t\t\t\t<h5 class=\"post-title is-larger\">\n\t\t\t\t\t\t<a href=\"https:\/\/martinclinic.ro\/en\/niacinamida-ce-este-si-care-sunt-beneficiile-asupra-tenului\/\" class=\"plain\">Niacinamida: Ce este \u0219i care sunt beneficiile asupra tenului?<\/a>\n\t\t\t\t\t<\/h5>\n\t\t\t\t\t\t\t\t\t\t<div class=\"is-divider\"><\/div>\n\t\t\t\t\t                    \n\t\t\t\t\t\n\t\t\t\t\t\n\t\t\t\t\t<\/div>\n\t\t\t\t\t<\/div>\n\t\t\t\t\t\t\t\t\t\t\t\t\t\t\t\t<div class=\"badge absolute top post-date badge-square\">\n\t\t\t\t\t\t\t<div class=\"badge-inner\">\n\t\t\t\t\t\t\t\t<span class=\"post-date-day\">25<\/span><br>\n\t\t\t\t\t\t\t\t<span class=\"post-date-month is-xsmall\">Mar<\/span>\n\t\t\t\t\t\t\t<\/div>\n\t\t\t\t\t\t<\/div>\n\t\t\t\t\t\t\t\t\t<\/div>\n\t\t\t<\/div>\n\t\t<\/div><div class=\"col post-item\" >\n\t\t\t<div class=\"col-inner\">\n\t\t\t\t<div class=\"box box-normal box-text-bottom box-blog-post has-hover\">\n            \t\t\t\t\t<div class=\"box-image\" >\n  \t\t\t\t\t\t<div class=\"image-zoom image-cover\" style=\"padding-top:75%;\">\n\t\t\t\t\t\t\t<a href=\"https:\/\/martinclinic.ro\/en\/ingrijirea-tenului-uscat-ghid-complet\/\" class=\"plain\" aria-label=\"\u00cengrijirea tenului uscat: Ghid complet\">\n\t\t\t\t\t\t\t\t<img loading=\"lazy\" decoding=\"async\" width=\"900\" height=\"600\" src=\"https:\/\/martinclinic.ro\/wp-content\/uploads\/2024\/10\/Ingrijirea-tenului-uscat-Ghid-complet_1.jpg\" class=\"attachment-original size-original wp-post-image\" alt=\"Cum recuno\u0219ti un ten uscat?\u00a0\" srcset=\"https:\/\/martinclinic.ro\/wp-content\/uploads\/2024\/10\/Ingrijirea-tenului-uscat-Ghid-complet_1.jpg 900w, https:\/\/martinclinic.ro\/wp-content\/uploads\/2024\/10\/Ingrijirea-tenului-uscat-Ghid-complet_1-300x200.jpg 300w, https:\/\/martinclinic.ro\/wp-content\/uploads\/2024\/10\/Ingrijirea-tenului-uscat-Ghid-complet_1-768x512.jpg 768w, https:\/\/martinclinic.ro\/wp-content\/uploads\/2024\/10\/Ingrijirea-tenului-uscat-Ghid-complet_1-600x400.jpg 600w\" sizes=\"auto, (max-width: 900px) 100vw, 900px\" \/>\t\t\t\t\t\t\t<\/a>\n  \t\t\t\t\t\t\t  \t\t\t\t\t\t\t  \t\t\t\t\t\t<\/div>\n  \t\t\t\t\t\t  \t\t\t\t\t<\/div>\n          \t\t\t\t\t<div class=\"box-text text-center\" >\n\t\t\t\t\t<div class=\"box-text-inner blog-post-inner\">\n\n\t\t\t\t\t\n\t\t\t\t\t\t\t\t\t\t<h5 class=\"post-title is-larger\">\n\t\t\t\t\t\t<a href=\"https:\/\/martinclinic.ro\/en\/ingrijirea-tenului-uscat-ghid-complet\/\" class=\"plain\">\u00cengrijirea tenului uscat: Ghid complet<\/a>\n\t\t\t\t\t<\/h5>\n\t\t\t\t\t\t\t\t\t\t<div class=\"is-divider\"><\/div>\n\t\t\t\t\t                    \n\t\t\t\t\t\n\t\t\t\t\t\n\t\t\t\t\t<\/div>\n\t\t\t\t\t<\/div>\n\t\t\t\t\t\t\t\t\t\t\t\t\t\t\t\t<div class=\"badge absolute top post-date badge-square\">\n\t\t\t\t\t\t\t<div class=\"badge-inner\">\n\t\t\t\t\t\t\t\t<span class=\"post-date-day\">25<\/span><br>\n\t\t\t\t\t\t\t\t<span class=\"post-date-month is-xsmall\">Mar<\/span>\n\t\t\t\t\t\t\t<\/div>\n\t\t\t\t\t\t<\/div>\n\t\t\t\t\t\t\t\t\t<\/div>\n\t\t\t<\/div>\n\t\t<\/div><div class=\"col post-item\" >\n\t\t\t<div class=\"col-inner\">\n\t\t\t\t<div class=\"box box-normal box-text-bottom box-blog-post has-hover\">\n            \t\t\t\t\t<div class=\"box-image\" >\n  \t\t\t\t\t\t<div class=\"image-zoom image-cover\" style=\"padding-top:75%;\">\n\t\t\t\t\t\t\t<a href=\"https:\/\/martinclinic.ro\/en\/rutina-de-ingrijire-a-pielii-in-sezonul-de-toamna\/\" class=\"plain\" aria-label=\"Rutina de \u00eengrijire a pielii \u00een sezonul de toamn\u0103\">\n\t\t\t\t\t\t\t\t<img loading=\"lazy\" decoding=\"async\" width=\"900\" height=\"600\" src=\"https:\/\/martinclinic.ro\/wp-content\/uploads\/2024\/10\/Rutina-de-ingrijire-a-pielii-in-sezonul-de-toamna_1.jpg\" class=\"attachment-original size-original wp-post-image\" alt=\"rutina\" srcset=\"https:\/\/martinclinic.ro\/wp-content\/uploads\/2024\/10\/Rutina-de-ingrijire-a-pielii-in-sezonul-de-toamna_1.jpg 900w, https:\/\/martinclinic.ro\/wp-content\/uploads\/2024\/10\/Rutina-de-ingrijire-a-pielii-in-sezonul-de-toamna_1-300x200.jpg 300w, https:\/\/martinclinic.ro\/wp-content\/uploads\/2024\/10\/Rutina-de-ingrijire-a-pielii-in-sezonul-de-toamna_1-768x512.jpg 768w, https:\/\/martinclinic.ro\/wp-content\/uploads\/2024\/10\/Rutina-de-ingrijire-a-pielii-in-sezonul-de-toamna_1-600x400.jpg 600w\" sizes=\"auto, (max-width: 900px) 100vw, 900px\" \/>\t\t\t\t\t\t\t<\/a>\n  \t\t\t\t\t\t\t  \t\t\t\t\t\t\t  \t\t\t\t\t\t<\/div>\n  \t\t\t\t\t\t  \t\t\t\t\t<\/div>\n          \t\t\t\t\t<div class=\"box-text text-center\" >\n\t\t\t\t\t<div class=\"box-text-inner blog-post-inner\">\n\n\t\t\t\t\t\n\t\t\t\t\t\t\t\t\t\t<h5 class=\"post-title is-larger\">\n\t\t\t\t\t\t<a href=\"https:\/\/martinclinic.ro\/en\/rutina-de-ingrijire-a-pielii-in-sezonul-de-toamna\/\" class=\"plain\">Rutina de \u00eengrijire a pielii \u00een sezonul de toamn\u0103<\/a>\n\t\t\t\t\t<\/h5>\n\t\t\t\t\t\t\t\t\t\t<div class=\"is-divider\"><\/div>\n\t\t\t\t\t                    \n\t\t\t\t\t\n\t\t\t\t\t\n\t\t\t\t\t<\/div>\n\t\t\t\t\t<\/div>\n\t\t\t\t\t\t\t\t\t\t\t\t\t\t\t\t<div class=\"badge absolute top post-date badge-square\">\n\t\t\t\t\t\t\t<div class=\"badge-inner\">\n\t\t\t\t\t\t\t\t<span class=\"post-date-day\">25<\/span><br>\n\t\t\t\t\t\t\t\t<span class=\"post-date-month is-xsmall\">Mar<\/span>\n\t\t\t\t\t\t\t<\/div>\n\t\t\t\t\t\t<\/div>\n\t\t\t\t\t\t\t\t\t<\/div>\n\t\t\t<\/div>\n\t\t<\/div><div class=\"col post-item\" >\n\t\t\t<div class=\"col-inner\">\n\t\t\t\t<div class=\"box box-normal box-text-bottom box-blog-post has-hover\">\n            \t\t\t\t\t<div class=\"box-image\" >\n  \t\t\t\t\t\t<div class=\"image-zoom image-cover\" style=\"padding-top:75%;\">\n\t\t\t\t\t\t\t<a href=\"https:\/\/martinclinic.ro\/en\/cand-cum-si-de-ce-aplicam-crema-de-ochi\/\" class=\"plain\" aria-label=\"C\u00e2nd, cum \u0219i de ce aplic\u0103m crema de ochi?\">\n\t\t\t\t\t\t\t\t<img loading=\"lazy\" decoding=\"async\" width=\"900\" height=\"600\" src=\"https:\/\/martinclinic.ro\/wp-content\/uploads\/2024\/11\/Cand-cum-si-de-ce-aplicam-crema-de-ochi_1.jpg\" class=\"attachment-original size-original wp-post-image\" alt=\"crema de ochi\" srcset=\"https:\/\/martinclinic.ro\/wp-content\/uploads\/2024\/11\/Cand-cum-si-de-ce-aplicam-crema-de-ochi_1.jpg 900w, https:\/\/martinclinic.ro\/wp-content\/uploads\/2024\/11\/Cand-cum-si-de-ce-aplicam-crema-de-ochi_1-300x200.jpg 300w, https:\/\/martinclinic.ro\/wp-content\/uploads\/2024\/11\/Cand-cum-si-de-ce-aplicam-crema-de-ochi_1-768x512.jpg 768w, https:\/\/martinclinic.ro\/wp-content\/uploads\/2024\/11\/Cand-cum-si-de-ce-aplicam-crema-de-ochi_1-600x400.jpg 600w\" sizes=\"auto, (max-width: 900px) 100vw, 900px\" \/>\t\t\t\t\t\t\t<\/a>\n  \t\t\t\t\t\t\t  \t\t\t\t\t\t\t  \t\t\t\t\t\t<\/div>\n  \t\t\t\t\t\t  \t\t\t\t\t<\/div>\n          \t\t\t\t\t<div class=\"box-text text-center\" >\n\t\t\t\t\t<div class=\"box-text-inner blog-post-inner\">\n\n\t\t\t\t\t\n\t\t\t\t\t\t\t\t\t\t<h5 class=\"post-title is-larger\">\n\t\t\t\t\t\t<a href=\"https:\/\/martinclinic.ro\/en\/cand-cum-si-de-ce-aplicam-crema-de-ochi\/\" class=\"plain\">C\u00e2nd, cum \u0219i de ce aplic\u0103m crema de ochi?<\/a>\n\t\t\t\t\t<\/h5>\n\t\t\t\t\t\t\t\t\t\t<div class=\"is-divider\"><\/div>\n\t\t\t\t\t                    \n\t\t\t\t\t\n\t\t\t\t\t\n\t\t\t\t\t<\/div>\n\t\t\t\t\t<\/div>\n\t\t\t\t\t\t\t\t\t\t\t\t\t\t\t\t<div class=\"badge absolute top post-date badge-square\">\n\t\t\t\t\t\t\t<div class=\"badge-inner\">\n\t\t\t\t\t\t\t\t<span class=\"post-date-day\">25<\/span><br>\n\t\t\t\t\t\t\t\t<span class=\"post-date-month is-xsmall\">Mar<\/span>\n\t\t\t\t\t\t\t<\/div>\n\t\t\t\t\t\t<\/div>\n\t\t\t\t\t\t\t\t\t<\/div>\n\t\t\t<\/div>\n\t\t<\/div><div class=\"col post-item\" >\n\t\t\t<div class=\"col-inner\">\n\t\t\t\t<div class=\"box box-normal box-text-bottom box-blog-post has-hover\">\n            \t\t\t\t\t<div class=\"box-image\" >\n  \t\t\t\t\t\t<div class=\"image-zoom image-cover\" style=\"padding-top:75%;\">\n\t\t\t\t\t\t\t<a href=\"https:\/\/martinclinic.ro\/en\/de-ce-e-bine-sa-folosesti-creme-cu-spf-chiar-si-iarna\/\" class=\"plain\" aria-label=\"De ce e bine s\u0103 folose\u0219ti creme cu SPF chiar \u0219i iarna?\">\n\t\t\t\t\t\t\t\t<img loading=\"lazy\" decoding=\"async\" width=\"900\" height=\"600\" src=\"https:\/\/martinclinic.ro\/wp-content\/uploads\/2024\/11\/De-ce-e-bine-sa-folosesti-creme-cu-SPF-chiar-si-iarna_2.jpg\" class=\"attachment-original size-original wp-post-image\" alt=\"De ce este important s\u0103 folose\u0219ti SPF iarna\" srcset=\"https:\/\/martinclinic.ro\/wp-content\/uploads\/2024\/11\/De-ce-e-bine-sa-folosesti-creme-cu-SPF-chiar-si-iarna_2.jpg 900w, https:\/\/martinclinic.ro\/wp-content\/uploads\/2024\/11\/De-ce-e-bine-sa-folosesti-creme-cu-SPF-chiar-si-iarna_2-300x200.jpg 300w, https:\/\/martinclinic.ro\/wp-content\/uploads\/2024\/11\/De-ce-e-bine-sa-folosesti-creme-cu-SPF-chiar-si-iarna_2-768x512.jpg 768w, https:\/\/martinclinic.ro\/wp-content\/uploads\/2024\/11\/De-ce-e-bine-sa-folosesti-creme-cu-SPF-chiar-si-iarna_2-600x400.jpg 600w\" sizes=\"auto, (max-width: 900px) 100vw, 900px\" \/>\t\t\t\t\t\t\t<\/a>\n  \t\t\t\t\t\t\t  \t\t\t\t\t\t\t  \t\t\t\t\t\t<\/div>\n  \t\t\t\t\t\t  \t\t\t\t\t<\/div>\n          \t\t\t\t\t<div class=\"box-text text-center\" >\n\t\t\t\t\t<div class=\"box-text-inner blog-post-inner\">\n\n\t\t\t\t\t\n\t\t\t\t\t\t\t\t\t\t<h5 class=\"post-title is-larger\">\n\t\t\t\t\t\t<a href=\"https:\/\/martinclinic.ro\/en\/de-ce-e-bine-sa-folosesti-creme-cu-spf-chiar-si-iarna\/\" class=\"plain\">De ce e bine s\u0103 folose\u0219ti creme cu SPF chiar \u0219i iarna?<\/a>\n\t\t\t\t\t<\/h5>\n\t\t\t\t\t\t\t\t\t\t<div class=\"is-divider\"><\/div>\n\t\t\t\t\t                    \n\t\t\t\t\t\n\t\t\t\t\t\n\t\t\t\t\t<\/div>\n\t\t\t\t\t<\/div>\n\t\t\t\t\t\t\t\t\t\t\t\t\t\t\t\t<div class=\"badge absolute top post-date badge-square\">\n\t\t\t\t\t\t\t<div class=\"badge-inner\">\n\t\t\t\t\t\t\t\t<span class=\"post-date-day\">25<\/span><br>\n\t\t\t\t\t\t\t\t<span class=\"post-date-month is-xsmall\">Mar<\/span>\n\t\t\t\t\t\t\t<\/div>\n\t\t\t\t\t\t<\/div>\n\t\t\t\t\t\t\t\t\t<\/div>\n\t\t\t<\/div>\n\t\t<\/div><div class=\"col post-item\" >\n\t\t\t<div class=\"col-inner\">\n\t\t\t\t<div class=\"box box-normal box-text-bottom box-blog-post has-hover\">\n            \t\t\t\t\t<div class=\"box-image\" >\n  \t\t\t\t\t\t<div class=\"image-zoom image-cover\" style=\"padding-top:75%;\">\n\t\t\t\t\t\t\t<a href=\"https:\/\/martinclinic.ro\/en\/cum-sa-scapi-de-cicatrici\/\" class=\"plain\" aria-label=\"Cum s\u0103 scapi de cicatrici: Sfaturi \u0219i trucuri eficiente\">\n\t\t\t\t\t\t\t\t<img loading=\"lazy\" decoding=\"async\" width=\"1380\" height=\"920\" src=\"https:\/\/martinclinic.ro\/wp-content\/uploads\/2025\/01\/Tips-and-Tricks-Cum-poti-scapa-de-cicatrici_2.avif\" class=\"attachment-original size-original wp-post-image\" alt=\"cicatrici\" \/>\t\t\t\t\t\t\t<\/a>\n  \t\t\t\t\t\t\t  \t\t\t\t\t\t\t  \t\t\t\t\t\t<\/div>\n  \t\t\t\t\t\t  \t\t\t\t\t<\/div>\n          \t\t\t\t\t<div class=\"box-text text-center\" >\n\t\t\t\t\t<div class=\"box-text-inner blog-post-inner\">\n\n\t\t\t\t\t\n\t\t\t\t\t\t\t\t\t\t<h5 class=\"post-title is-larger\">\n\t\t\t\t\t\t<a href=\"https:\/\/martinclinic.ro\/en\/cum-sa-scapi-de-cicatrici\/\" class=\"plain\">Cum s\u0103 scapi de cicatrici: Sfaturi \u0219i trucuri eficiente<\/a>\n\t\t\t\t\t<\/h5>\n\t\t\t\t\t\t\t\t\t\t<div class=\"is-divider\"><\/div>\n\t\t\t\t\t                    \n\t\t\t\t\t\n\t\t\t\t\t\n\t\t\t\t\t<\/div>\n\t\t\t\t\t<\/div>\n\t\t\t\t\t\t\t\t\t\t\t\t\t\t\t\t<div class=\"badge absolute top post-date badge-square\">\n\t\t\t\t\t\t\t<div class=\"badge-inner\">\n\t\t\t\t\t\t\t\t<span class=\"post-date-day\">25<\/span><br>\n\t\t\t\t\t\t\t\t<span class=\"post-date-month is-xsmall\">Mar<\/span>\n\t\t\t\t\t\t\t<\/div>\n\t\t\t\t\t\t<\/div>\n\t\t\t\t\t\t\t\t\t<\/div>\n\t\t\t<\/div>\n\t\t<\/div><\/div>\t\t<div class=\"ux-relay__control ux-relay__control--bottom container pb-half text-center\">\n\t\t\t\t\t\t\t<button class=\"ux-relay__button ux-relay__nav-button ux-relay__nav-button--prev\" data-flatsome-dir=\"prev\" disabled aria-label=\"Previous\">\n\t\t\t\t\t<svg aria-hidden=\"true\" class=\"ux-relay__button-icon\" viewbox=\"0 0 100 100\">\n\t\t\t\t\t\t<path d=\"M 10,50 L 60,100 L 70,90 L 30,50  L 70,10 L 60,0 Z\"><\/path>\n\t\t\t\t\t<\/svg>\n\t\t\t\t<\/button>\n\t\t\t\t<button class=\"ux-relay__button ux-relay__nav-button ux-relay__nav-button--next\" data-flatsome-dir=\"next\" aria-label=\"Next\">\n\t\t\t\t\t<svg aria-hidden=\"true\" class=\"ux-relay__button-icon\" viewbox=\"0 0 100 100\">\n\t\t\t\t\t\t<path d=\"M 10,50 L 60,100 L 70,90 L 30,50  L 70,10 L 60,0 Z\" transform=\"translate(100, 100) rotate(180)\"><\/path>\n\t\t\t\t\t<\/svg>\n\t\t\t\t<\/button>\n\t\t\t\t\t\t<\/div>\n\t\t\t\t<\/div>\n\t\t\n\t<div id=\"gap-452985441\" class=\"gap-element clearfix\" style=\"display:block; height:auto;\">\n\t\t\n<style>\n#gap-452985441 {\n  padding-top: 50px;\n}\n<\/style>\n\t<\/div>\n\t\n\t\t<\/div>\n\t\t\t\t\t<\/div>\n\n\t\n<\/div>","protected":false},"excerpt":{"rendered":"","protected":false},"author":1,"featured_media":0,"parent":0,"menu_order":0,"comment_status":"closed","ping_status":"closed","template":"page-blank.php","meta":{"footnotes":""},"class_list":["post-44864","page","type-page","status-publish","hentry"],"_links":{"self":[{"href":"https:\/\/martinclinic.ro\/en\/wp-json\/wp\/v2\/pages\/44864","targetHints":{"allow":["GET"]}}],"collection":[{"href":"https:\/\/martinclinic.ro\/en\/wp-json\/wp\/v2\/pages"}],"about":[{"href":"https:\/\/martinclinic.ro\/en\/wp-json\/wp\/v2\/types\/page"}],"author":[{"embeddable":true,"href":"https:\/\/martinclinic.ro\/en\/wp-json\/wp\/v2\/users\/1"}],"replies":[{"embeddable":true,"href":"https:\/\/martinclinic.ro\/en\/wp-json\/wp\/v2\/comments?post=44864"}],"version-history":[{"count":3,"href":"https:\/\/martinclinic.ro\/en\/wp-json\/wp\/v2\/pages\/44864\/revisions"}],"predecessor-version":[{"id":44867,"href":"https:\/\/martinclinic.ro\/en\/wp-json\/wp\/v2\/pages\/44864\/revisions\/44867"}],"wp:attachment":[{"href":"https:\/\/martinclinic.ro\/en\/wp-json\/wp\/v2\/media?parent=44864"}],"curies":[{"name":"wp","href":"https:\/\/api.w.org\/{rel}","templated":true}]}}