{"id":44869,"date":"2026-03-06T13:22:32","date_gmt":"2026-03-06T13:22:32","guid":{"rendered":"https:\/\/martinclinic.ro\/?page_id=44869"},"modified":"2026-03-06T13:22:32","modified_gmt":"2026-03-06T13:22:32","slug":"fidelizare","status":"publish","type":"page","link":"https:\/\/martinclinic.ro\/en\/fidelizare\/","title":{"rendered":"Fidelizare"},"content":{"rendered":"<h1>Loyalty Program<\/h1>\n<p>Think you're placing a simple order? It's actually the beginning of a beautiful journey for your skin.<\/p>\n<p>My priority is that you are radiant. That's why I want you to get your routine right and consistent for the long term, and that's why I want to motivate you.<\/p>\n<p>What does the loyalty program actually consist of?<\/p>\n<p><strong>In short, the program has 2 main components:<\/strong><\/p>\n<ul>\n<li>Gold status based on the value of orders<\/li>\n<li>Platinum status based on the value of orders<\/li>\n<\/ul>\n<p><strong>How does it work?<\/strong><\/p>\n<ul>\n<li>You become a Gold member when your cumulative orders exceed 2500 RON and you automatically get 10% discount on your next order.<\/li>\n<li>You become a Platinum member when your cumulative orders exceed the 5000 RON threshold and you automatically receive 15% discount on your next order.<\/li>\n<\/ul>\n<p><strong data-start=\"117\" data-end=\"131\">Important:<\/strong> During the campaign <strong data-start=\"154\" data-end=\"170\">Black Friday<\/strong>, discounts for Gold and Platinum members do not apply in addition. The prices shown during this period already include the highest available discounts.<\/p>\n<p><strong>Don't forget to sign up and keep up to date with the latest news and surprises by subscribing to their newsletter.<\/strong><\/p>","protected":false},"excerpt":{"rendered":"<p>Program de Fidelizare Crezi c\u0103 plasezi o simpl\u0103 comand\u0103? Este de fapt \u00eenceputul unei frumoase c\u0103l\u0103torii pentru pielea ta. Prioritatea mea este ca tu sa radiezi. De aceea \u00eemi doresc sa ai o rutina corecta \u0219i consecventa pe termen lung, iar pentru asta vreau sa te motivez. \u00cen ce consta, de fapt, programul de fidelizare? [&#8230;]\n","protected":false},"author":1,"featured_media":0,"parent":0,"menu_order":0,"comment_status":"closed","ping_status":"closed","template":"","meta":{"footnotes":""},"class_list":["post-44869","page","type-page","status-publish","hentry"],"_links":{"self":[{"href":"https:\/\/martinclinic.ro\/en\/wp-json\/wp\/v2\/pages\/44869","targetHints":{"allow":["GET"]}}],"collection":[{"href":"https:\/\/martinclinic.ro\/en\/wp-json\/wp\/v2\/pages"}],"about":[{"href":"https:\/\/martinclinic.ro\/en\/wp-json\/wp\/v2\/types\/page"}],"author":[{"embeddable":true,"href":"https:\/\/martinclinic.ro\/en\/wp-json\/wp\/v2\/users\/1"}],"replies":[{"embeddable":true,"href":"https:\/\/martinclinic.ro\/en\/wp-json\/wp\/v2\/comments?post=44869"}],"version-history":[{"count":1,"href":"https:\/\/martinclinic.ro\/en\/wp-json\/wp\/v2\/pages\/44869\/revisions"}],"predecessor-version":[{"id":44870,"href":"https:\/\/martinclinic.ro\/en\/wp-json\/wp\/v2\/pages\/44869\/revisions\/44870"}],"wp:attachment":[{"href":"https:\/\/martinclinic.ro\/en\/wp-json\/wp\/v2\/media?parent=44869"}],"curies":[{"name":"wp","href":"https:\/\/api.w.org\/{rel}","templated":true}]}}